{"id":2425,"date":"2021-01-11T11:30:37","date_gmt":"2021-01-11T10:30:37","guid":{"rendered":"https:\/\/hotel-forum.fr\/contact-infos\/"},"modified":"2022-10-10T10:38:05","modified_gmt":"2022-10-10T08:38:05","slug":"contactar","status":"publish","type":"page","link":"https:\/\/hotel-forum.fr\/es\/contactar\/","title":{"rendered":"CONTACTO E INFORMACI\u00d3N"},"content":{"rendered":"<p><img decoding=\"async\" src=\"\/wp-content\/uploads\/2021\/01\/forum-hotel-sep.svg\" alt=\"\"><\/p>\n<h1>CONTACTO e INFORMACI\u00d3N<\/h1>\n<hr>\n<ul>\n<li>\n<h2>H\u00f4tel du Forum<\/h2>\n<div>14 rue du Forum, 84200 Carpentras<\/div>\n<p><a href=\"#\"><\/a><\/p>\n<\/li>\n<li>\n<h2>T\u00e9l\u00e9fono<\/h2>\n<div>+ 33 4 90 60 57 00<\/div>\n<p><a href=\"tel:+33490605700\"><\/a><\/p>\n<\/li>\n<li>\n<h2>Email<\/h2>\n<div>reception@hotel-forum.fr<\/div>\n<p><a href=\"mailto:reception@hotel-forum.fr\"><\/a><\/p>\n<\/li>\n<\/ul>\n<hr>\n<h1>Como llegar a Carpentras<\/h1>\n<ul>\n<li>\n<div><strong>Por autopista<\/strong><br \/>\nSe puede llegar tomando la A7 entre Lyon e Marsella.<br \/>\nLa salida n\u00b022 \u201cOrange Sud\u201d se une a Carpentras tomando la carretera nacional por 27 km.<br \/>\nLa salida 23 \u00abAvignon Nord\u00bb conduce directamente a un carril r\u00e1pido que conduce a Carpentras.\n<\/div>\n<\/li>\n<li>\n<div><strong>Desde el aeropuerto<\/strong><br \/>\nAeropuerto de Avignon a 32 km<br \/>\nAeropuerto de Marsella a 96 km\n<\/div>\n<\/li>\n<li>\n<div><strong>Desde la estaci\u00f3n de trenes<\/strong><br \/>\nEstaci\u00f3n de tren \u201cAvignon-Carpentras\u201d<br \/>\nCarpentras dispone de una estaci\u00f3n de trenes.<br \/>\nEl tiempo de viaje de Avignon a Carpentras es de unos 30 minutos.<br \/>\nDesde Avignon, las conexiones regulares de TGV sirven:<br \/>\n\u2013 Par\u00eds en 2h40<br \/>\n\u2013 Marsella en 25min<br \/>\n\u2013 Bruselas en 5 horas\n<\/div>\n<\/li>\n<li>\n<div>\n<p><strong>Coordonadas GPS<\/strong><br \/>Lat. 44.0531371<br \/>Long. 5.0456194<\/p>\n<\/div>\n<\/li>\n<\/ul>\n<div>\n<p>    <iframe src=\"https:\/\/www.google.com\/maps\/embed?pb=!1m18!1m12!1m3!1d2867.4675078585465!2d5.045412536824399!3d44.05305404869283!2m3!1f0!2f0!3f0!3m2!1i1024!2i768!4f13.1!3m3!1m2!1s0x12b58a1a383cf31b%3A0x58ed4b583836649e!2s14%20Rue%20du%20Forum%2C%2084200%20Carpentras!5e0!3m2!1sfr!2sfr!4v1615548355740!5m2!1sfr!2sfr\" width=\"100%\" height=\"530\" style=\"border:0;\" allowfullscreen=\"\" loading=\"lazy\"><\/iframe>\n<\/div>\n<h1>Pre-reserva<\/h1>\n<div>\n<p>Para todas las solicitudes de reserva, no dude en ponerse en contacto con nosotros, le responderemos lo antes posible.<br \/>\nO reserve directamente en l\u00ednea haciendo clic a continuaci\u00f3n.\n<\/div>\n<p>\n    <a href=\"https:\/\/www.secure-hotel-booking.com\/smart\/Hotel-du-Forum\/J21Q\/fr\/?guestCountSelector=ReadOnly\">Reserva en l\u012bnea<\/a>\n<\/p>\n<p><!--more--><br \/>\n<!-- {\"type\":\"layout\",\"children\":[{\"type\":\"section\",\"props\":{\"style\":\"default\",\"width\":\"default\",\"vertical_align\":\"middle\",\"title_position\":\"top-left\",\"title_rotation\":\"left\",\"title_breakpoint\":\"xl\",\"image_position\":\"center-center\",\"image\":\"wp-content\\\/uploads\\\/2021\\\/01\\\/forum-hotel_background_provence.svg\",\"image_size\":\"cover\",\"image_effect\":\"fixed\",\"header_transparent\":\"dark\",\"status\":\"\"},\"children\":[{\"type\":\"row\",\"children\":[{\"type\":\"column\",\"props\":{\"image_position\":\"center-center\",\"media_overlay_gradient\":\"\",\"width_medium\":\"\",\"position_sticky_breakpoint\":\"m\"},\"children\":[{\"type\":\"image\",\"props\":{\"margin\":\"default\",\"image_svg_color\":\"emphasis\",\"image\":\"wp-content\\\/uploads\\\/2021\\\/01\\\/forum-hotel-sep.svg\",\"image_width\":\"110\",\"text_align\":\"left\",\"margin_remove_bottom\":true,\"text_align_breakpoint\":\"s\",\"text_align_fallback\":\"center\"},\"modified\":\"2021-02-18T09:37:27.944Z\",\"name\":\"Image forum rouge centr\\u00e9e\"},{\"type\":\"headline\",\"props\":{\"title_element\":\"h1\",\"content\":\"CONTACTO e INFORMACI\\u00d3N\",\"title_style\":\"heading-small\",\"margin_remove_top\":true,\"text_align\":\"left\",\"text_align_breakpoint\":\"s\",\"text_align_fallback\":\"center\"}}]}]},{\"type\":\"row\",\"children\":[{\"type\":\"column\",\"props\":{\"image_position\":\"center-center\",\"media_overlay_gradient\":\"\",\"position_sticky_breakpoint\":\"m\"},\"children\":[{\"type\":\"divider\",\"props\":{\"divider_element\":\"hr\"}},{\"type\":\"grid\",\"props\":{\"show_title\":true,\"show_meta\":true,\"show_content\":true,\"show_image\":true,\"show_link\":true,\"grid_default\":\"1\",\"grid_medium\":\"3\",\"filter_style\":\"tab\",\"filter_all\":true,\"filter_position\":\"top\",\"filter_align\":\"left\",\"filter_grid_width\":\"auto\",\"filter_grid_breakpoint\":\"m\",\"title_hover_style\":\"reset\",\"title_element\":\"h2\",\"title_align\":\"top\",\"title_grid_width\":\"1-2\",\"title_grid_breakpoint\":\"m\",\"meta_style\":\"meta\",\"meta_align\":\"below-title\",\"meta_element\":\"div\",\"content_column_breakpoint\":\"m\",\"icon_width\":\"35\",\"image_align\":\"left\",\"image_grid_width\":\"auto\",\"image_grid_breakpoint\":\"m\",\"image_svg_color\":\"emphasis\",\"link_text\":\"\",\"link_style\":\"default\",\"margin\":\"default\",\"item_animation\":true,\"title_style\":\"h6\",\"content_margin\":\"remove\",\"meta_margin\":\"remove\",\"image_grid_row_gap\":\"small\",\"image_grid_column_gap\":\"small\",\"grid_small\":\"3\",\"text_align\":\"left\",\"text_align_breakpoint\":\"s\",\"text_align_fallback\":\"center\",\"panel_link\":true,\"link_target\":true,\"icon_color\":\"primary\"},\"children\":[{\"type\":\"grid_item\",\"props\":{\"icon\":\"location\",\"content\":\"14 rue du Forum, 84200 Carpentras\",\"title\":\"H\\u00f4tel du Forum\",\"link\":\"#\"}},{\"type\":\"grid_item\",\"props\":{\"icon\":\"receiver\",\"content\":\"+ 33 4 90 60 57 00\",\"title\":\"T\\u00e9l\\u00e9fono\",\"link\":\"tel:+33490605700\"}},{\"type\":\"grid_item\",\"props\":{\"icon\":\"mail\",\"content\":\"reception@hotel-forum.fr\",\"title\":\"Email\",\"link\":\"mailto:reception@hotel-forum.fr\"}}]},{\"type\":\"divider\",\"props\":{\"divider_element\":\"hr\"}}]}]},{\"type\":\"row\",\"children\":[{\"type\":\"column\",\"props\":{\"image_position\":\"center-center\",\"media_overlay_gradient\":\"\",\"position_sticky_breakpoint\":\"m\"},\"children\":[]}]},{\"type\":\"row\",\"props\":{\"layout\":\"1-3,2-3\",\"divider\":true},\"children\":[{\"type\":\"column\",\"props\":{\"image_position\":\"center-center\",\"media_overlay_gradient\":\"\",\"width_medium\":\"1-3\",\"position_sticky_breakpoint\":\"m\"},\"children\":[{\"type\":\"headline\",\"props\":{\"title_element\":\"h1\",\"title_style\":\"h5\",\"content\":\"Como llegar a Carpentras\",\"title_color\":\"primary\"}},{\"type\":\"list\",\"props\":{\"show_image\":true,\"show_link\":true,\"list_element\":\"ul\",\"column_breakpoint\":\"m\",\"image_svg_color\":\"emphasis\",\"image_align\":\"left\",\"image_vertical_align\":true,\"list_type\":\"vertical\",\"list_horizontal_separator\":\", \"},\"children\":[{\"type\":\"list_item\",\"props\":{\"content\":\"<strong>Por autopista<\\\/strong><br \/>\\nSe puede llegar tomando la A7 entre Lyon e Marsella.<br \/>\\nLa salida n\\u00b022 \\u201cOrange Sud\\u201d se une a Carpentras tomando la carretera nacional por 27 km.<br \/>\\nLa salida 23 \\\"Avignon Nord\\\" conduce directamente a un carril r\\u00e1pido que conduce a Carpentras.\\n\"}},{\"type\":\"list_item\",\"props\":{\"content\":\"<strong>Desde el aeropuerto<\\\/strong><br \/>\\nAeropuerto de Avignon a 32 km<br \/>\\nAeropuerto de Marsella a 96 km\\n\"}},{\"type\":\"list_item\",\"props\":{\"content\":\"<strong>Desde la estaci\\u00f3n de trenes<\\\/strong><br \/>\\nEstaci\\u00f3n de tren \\u201cAvignon-Carpentras\\u201d<br \/>\\nCarpentras dispone de una estaci\\u00f3n de trenes.<br \/>\\nEl tiempo de viaje de Avignon a Carpentras es de unos 30 minutos.<br \/>\\nDesde Avignon, las conexiones regulares de TGV sirven:<br \/>\\n\\u2013 Par\\u00eds en 2h40<br \/>\\n\\u2013 Marsella en 25min<br \/>\\n\\u2013 Bruselas en 5 horas<br \/>\\n\"}},{\"type\":\"list_item\",\"props\":{\"content\":\"\n\n<p><strong>Coordonadas GPS<\\\/strong><br \\\/>Lat. 44.0531371<br \\\/>Long. 5.0456194<\\\/p>\"}}]}]},{\"type\":\"column\",\"props\":{\"image_position\":\"center-center\",\"media_overlay_gradient\":\"\",\"width_medium\":\"2-3\",\"position_sticky_breakpoint\":\"m\"},\"children\":[{\"type\":\"html\",\"props\":{\"content\":\"<iframe src=\\\"https:\\\/\\\/www.google.com\\\/maps\\\/embed?pb=!1m18!1m12!1m3!1d2867.4675078585465!2d5.045412536824399!3d44.05305404869283!2m3!1f0!2f0!3f0!3m2!1i1024!2i768!4f13.1!3m3!1m2!1s0x12b58a1a383cf31b%3A0x58ed4b583836649e!2s14%20Rue%20du%20Forum%2C%2084200%20Carpentras!5e0!3m2!1sfr!2sfr!4v1615548355740!5m2!1sfr!2sfr\\\" width=\\\"100%\\\" height=\\\"530\\\" style=\\\"border:0;\\\" allowfullscreen=\\\"\\\" loading=\\\"lazy\\\"><\\\/iframe>\"}}]}]},{\"type\":\"row\",\"children\":[{\"type\":\"column\",\"props\":{\"image_position\":\"center-center\",\"media_overlay_gradient\":\"\",\"position_sticky_breakpoint\":\"m\"},\"children\":[]}]},{\"type\":\"row\",\"props\":{\"layout\":\"1-3,2-3\",\"divider\":true},\"children\":[{\"type\":\"column\",\"props\":{\"image_position\":\"center-center\",\"media_overlay_gradient\":\"\",\"width_medium\":\"1-3\",\"position_sticky_breakpoint\":\"m\"},\"children\":[{\"type\":\"headline\",\"props\":{\"title_element\":\"h1\",\"title_style\":\"h5\",\"content\":\"Pre-reserva\",\"title_color\":\"primary\"}},{\"type\":\"text\",\"props\":{\"margin\":\"default\",\"column_breakpoint\":\"m\",\"content\":\"\n\n<p>Para todas las solicitudes de reserva, no dude en ponerse en contacto con nosotros, le responderemos lo antes posible.<br \/>\\nO reserve directamente en l\\u00ednea haciendo clic a continuaci\\u00f3n.\\n\"}},{\"type\":\"button\",\"props\":{\"grid_column_gap\":\"small\",\"grid_row_gap\":\"small\",\"margin\":\"default\"},\"children\":[{\"type\":\"button_item\",\"props\":{\"button_style\":\"primary\",\"icon_align\":\"left\",\"content\":\"Reserva en l\\u012bnea\",\"link\":\"https:\\\/\\\/www.secure-hotel-booking.com\\\/smart\\\/Hotel-du-Forum\\\/J21Q\\\/fr\\\/?guestCountSelector=ReadOnly\",\"link_target\":\"blank\",\"icon\":\"calendar\"}}]}]},{\"type\":\"column\",\"props\":{\"image_position\":\"center-center\",\"media_overlay_gradient\":\"\",\"width_medium\":\"2-3\",\"position_sticky_breakpoint\":\"m\"},\"children\":[{\"type\":\"html\",\"props\":{\"content\":\"\",\"css\":\".el-element { box-shadow: 0 4px 20px rgb(0 0 0 \\\/ 8%); padding: 40px;\\n}\\n\\n\\n@media screen and (max-width: 640px) {\\n  .el-element {\\n      \\n      padding: 5px; box-shadow: none;\\n    \\n  }\\n}\"}}]}]}]}],\"version\":\"2.7.26\"} --><\/p>\n","protected":false},"excerpt":{"rendered":"<p>CONTACTO e INFORMACI\u00d3N H\u00f4tel du Forum 14 rue du Forum, 84200 Carpentras T\u00e9l\u00e9fono + 33 4 90 60 57 00 Email reception@hotel-forum.fr Como llegar a Carpentras Por autopista Se puede llegar tomando la A7 entre Lyon e Marsella. La salida n\u00b022 \u201cOrange Sud\u201d se une a Carpentras tomando la carretera nacional por 27 km. La [&hellip;]<\/p>\n","protected":false},"author":2,"featured_media":0,"parent":0,"menu_order":0,"comment_status":"closed","ping_status":"closed","template":"","meta":{"footnotes":""},"class_list":["post-2425","page","type-page","status-publish","hentry"],"yoast_head":"<!-- This site is optimized with the Yoast SEO plugin v25.3 - https:\/\/yoast.com\/wordpress\/plugins\/seo\/ -->\n<title>CONTACTO E INFORMACI\u00d3N - H\u00f4tel du Forum Carpentras<\/title>\n<meta name=\"robots\" content=\"index, follow, max-snippet:-1, max-image-preview:large, max-video-preview:-1\" \/>\n<link rel=\"canonical\" href=\"https:\/\/hotel-forum.fr\/contact-infos\/\" \/>\n<meta property=\"og:locale\" content=\"es_ES\" \/>\n<meta property=\"og:type\" content=\"article\" \/>\n<meta property=\"og:title\" content=\"CONTACTO E INFORMACI\u00d3N - H\u00f4tel du Forum Carpentras\" \/>\n<meta property=\"og:description\" content=\"CONTACTO e INFORMACI\u00d3N H\u00f4tel du Forum 14 rue du Forum, 84200 Carpentras T\u00e9l\u00e9fono + 33 4 90 60 57 00 Email reception@hotel-forum.fr Como llegar a Carpentras Por autopista Se puede llegar tomando la A7 entre Lyon e Marsella. La salida n\u00b022 \u201cOrange Sud\u201d se une a Carpentras tomando la carretera nacional por 27 km. La [&hellip;]\" \/>\n<meta property=\"og:url\" content=\"https:\/\/hotel-forum.fr\/contact-infos\/\" \/>\n<meta property=\"og:site_name\" content=\"H\u00f4tel du Forum Carpentras\" \/>\n<meta property=\"article:modified_time\" content=\"2022-10-10T08:38:05+00:00\" \/>\n<meta property=\"og:image\" content=\"https:\/\/hotel-forum.fr\/wp-content\/uploads\/2021\/01\/forum-hotel-sep.svg\" \/>\n<meta name=\"twitter:card\" content=\"summary_large_image\" \/>\n<meta name=\"twitter:label1\" content=\"Tiempo de lectura\" \/>\n\t<meta name=\"twitter:data1\" content=\"1 minuto\" \/>\n<script type=\"application\/ld+json\" class=\"yoast-schema-graph\">{\"@context\":\"https:\/\/schema.org\",\"@graph\":[{\"@type\":\"WebPage\",\"@id\":\"https:\/\/hotel-forum.fr\/contact-infos\/\",\"url\":\"https:\/\/hotel-forum.fr\/contact-infos\/\",\"name\":\"CONTACTO E INFORMACI\u00d3N - H\u00f4tel du Forum Carpentras\",\"isPartOf\":{\"@id\":\"https:\/\/hotel-forum.fr\/#website\"},\"datePublished\":\"2021-01-11T10:30:37+00:00\",\"dateModified\":\"2022-10-10T08:38:05+00:00\",\"inLanguage\":\"es\",\"potentialAction\":[{\"@type\":\"ReadAction\",\"target\":[\"https:\/\/hotel-forum.fr\/contact-infos\/\"]}]},{\"@type\":\"WebSite\",\"@id\":\"https:\/\/hotel-forum.fr\/#website\",\"url\":\"https:\/\/hotel-forum.fr\/\",\"name\":\"H\u00f4tel du Forum Carpentras\",\"description\":\"Votre h\u00f4tel au coeur de la Provence\",\"potentialAction\":[{\"@type\":\"SearchAction\",\"target\":{\"@type\":\"EntryPoint\",\"urlTemplate\":\"https:\/\/hotel-forum.fr\/?s={search_term_string}\"},\"query-input\":{\"@type\":\"PropertyValueSpecification\",\"valueRequired\":true,\"valueName\":\"search_term_string\"}}],\"inLanguage\":\"es\"}]}<\/script>\n<!-- \/ Yoast SEO plugin. -->","yoast_head_json":{"title":"CONTACTO E INFORMACI\u00d3N - H\u00f4tel du Forum Carpentras","robots":{"index":"index","follow":"follow","max-snippet":"max-snippet:-1","max-image-preview":"max-image-preview:large","max-video-preview":"max-video-preview:-1"},"canonical":"https:\/\/hotel-forum.fr\/contact-infos\/","og_locale":"es_ES","og_type":"article","og_title":"CONTACTO E INFORMACI\u00d3N - H\u00f4tel du Forum Carpentras","og_description":"CONTACTO e INFORMACI\u00d3N H\u00f4tel du Forum 14 rue du Forum, 84200 Carpentras T\u00e9l\u00e9fono + 33 4 90 60 57 00 Email reception@hotel-forum.fr Como llegar a Carpentras Por autopista Se puede llegar tomando la A7 entre Lyon e Marsella. La salida n\u00b022 \u201cOrange Sud\u201d se une a Carpentras tomando la carretera nacional por 27 km. La [&hellip;]","og_url":"https:\/\/hotel-forum.fr\/contact-infos\/","og_site_name":"H\u00f4tel du Forum Carpentras","article_modified_time":"2022-10-10T08:38:05+00:00","og_image":[{"url":"https:\/\/hotel-forum.fr\/wp-content\/uploads\/2021\/01\/forum-hotel-sep.svg","type":"","width":"","height":""}],"twitter_card":"summary_large_image","twitter_misc":{"Tiempo de lectura":"1 minuto"},"schema":{"@context":"https:\/\/schema.org","@graph":[{"@type":"WebPage","@id":"https:\/\/hotel-forum.fr\/contact-infos\/","url":"https:\/\/hotel-forum.fr\/contact-infos\/","name":"CONTACTO E INFORMACI\u00d3N - H\u00f4tel du Forum Carpentras","isPartOf":{"@id":"https:\/\/hotel-forum.fr\/#website"},"datePublished":"2021-01-11T10:30:37+00:00","dateModified":"2022-10-10T08:38:05+00:00","inLanguage":"es","potentialAction":[{"@type":"ReadAction","target":["https:\/\/hotel-forum.fr\/contact-infos\/"]}]},{"@type":"WebSite","@id":"https:\/\/hotel-forum.fr\/#website","url":"https:\/\/hotel-forum.fr\/","name":"H\u00f4tel du Forum Carpentras","description":"Votre h\u00f4tel au coeur de la Provence","potentialAction":[{"@type":"SearchAction","target":{"@type":"EntryPoint","urlTemplate":"https:\/\/hotel-forum.fr\/?s={search_term_string}"},"query-input":{"@type":"PropertyValueSpecification","valueRequired":true,"valueName":"search_term_string"}}],"inLanguage":"es"}]}},"_links":{"self":[{"href":"https:\/\/hotel-forum.fr\/es\/wp-json\/wp\/v2\/pages\/2425","targetHints":{"allow":["GET"]}}],"collection":[{"href":"https:\/\/hotel-forum.fr\/es\/wp-json\/wp\/v2\/pages"}],"about":[{"href":"https:\/\/hotel-forum.fr\/es\/wp-json\/wp\/v2\/types\/page"}],"author":[{"embeddable":true,"href":"https:\/\/hotel-forum.fr\/es\/wp-json\/wp\/v2\/users\/2"}],"replies":[{"embeddable":true,"href":"https:\/\/hotel-forum.fr\/es\/wp-json\/wp\/v2\/comments?post=2425"}],"version-history":[{"count":23,"href":"https:\/\/hotel-forum.fr\/es\/wp-json\/wp\/v2\/pages\/2425\/revisions"}],"predecessor-version":[{"id":2599,"href":"https:\/\/hotel-forum.fr\/es\/wp-json\/wp\/v2\/pages\/2425\/revisions\/2599"}],"wp:attachment":[{"href":"https:\/\/hotel-forum.fr\/es\/wp-json\/wp\/v2\/media?parent=2425"}],"curies":[{"name":"wp","href":"https:\/\/api.w.org\/{rel}","templated":true}]}}